{"id":49700,"date":"2018-08-30T11:10:13","date_gmt":"2018-08-30T11:10:13","guid":{"rendered":"http:\/\/rowmania.ro\/centenar\/?page_id=49700"},"modified":"2018-09-03T13:32:30","modified_gmt":"2018-09-03T13:32:30","slug":"tara-tara-vrem-vaslasi","status":"publish","type":"page","link":"https:\/\/rowmania.ro\/centenar\/tara-tara-vrem-vaslasi\/","title":{"rendered":"\u021aar\u0103, \u021bar\u0103, vrem v\u00e2sla\u0219i!"},"content":{"rendered":"<p>[vc_row][vc_column column_width_percent=&#8221;100&#8243; back_color=&#8221;color-xsdn&#8221; overlay_alpha=&#8221;50&#8243; gutter_size=&#8221;3&#8243; medium_width=&#8221;0&#8243; shift_x=&#8221;0&#8243; shift_y=&#8221;0&#8243; z_index=&#8221;0&#8243; width=&#8221;1\/1&#8243;][vc_custom_heading subheading=&#8221;pentru United Rivers of Romania \u2013 The Romanian Centenary Regatta &#8220;]\u021aar\u0103, \u021bar\u0103 &#8211; vrem v\u00e2sla\u0219i![\/vc_custom_heading][vc_separator sep_color=&#8221;accent&#8221;][vc_column_text]Ivan Patzachin caut\u0103 \u0219ase echipaje care s\u0103 v\u00e2sleasc\u0103 \u00een The Great River Race, pe Tamisa, pe 8 septembrie, \u00een FLOTILA ROM\u00c2NIA CENTENAR.<\/p>\n<p>Dac\u0103 vei fi \u00een Londra \u00een perioada 7 \u2013 8 septembrie, ai ceva experien\u021b\u0103 la sporturile nautice, e\u0219ti suficient de <em>fit<\/em> s\u0103 v\u00e2sle\u0219ti 22 de mile \u0219i vrei s\u0103 reprezin\u021bi culorile Rom\u00e2niei sub comanda Amiralului Ivan Patzaichin, te a\u0219tept\u0103m s\u0103 te \u00eenscrii la adresa <a href=\"mailto:centenar@rowmania.ro\">centenar@rowmania.ro<\/a>.<\/p>\n<p><strong>Trimite-ne p\u00e2n\u0103 mar\u021bi, 4 septembrie, la ora 15:00 (ora UK) numele t\u0103u, v\u00e2rsta, contactele tale (e-mail sau telefon) \u0219i descrie-ne \u00een c\u00e2teva cuvinte ce fel de experien\u021b\u0103 de v\u00e2slit ai. Evident, se pot \u00eenscrie \u0219i fete \u0219i b\u0103ie\u021bi. Scrie-ne dac\u0103 preferi s\u0103 v\u00e2sle\u0219ti la rame (rowing) sau la pagaie (paddling).<\/strong><\/p>\n<p>Dac\u0103 vei primi mesajul c\u0103 e\u0219ti preselectat, va urma o sesiune de selec\u021bie, antrenament \u0219i familiarizare cu b\u0103rcile \u00een cursul zilei de vineri, 7 sept., \u00eentre 10:00 \u2013 16:00, la Richmond \u2013 Riverside Below Ham House. Mesajele privind preselec\u021bia vor fi trimise \u00een seara zilei de 4 septembrie.<\/p>\n<p>\u00cen Flotil\u0103 sunt dou\u0103 categorii de b\u0103rci, construite din lemn, dup\u0103 metode tradi\u021bionale din Delta Dun\u0103rii, realizate special pentru aceast\u0103 ocazie: lotci (v\u00e2slit cu rame \u00a0\u2013 canotaj academic \/ rowing) \u0219i canotci (o ambarca\u021biune care este o combina\u021bie \u00eentre lotc\u0103 \u0219i canoe, \u00een care se v\u00e2sle\u0219te cu pagaia \u2013 la fel ca la canoe \/ paddling).<\/p>\n<p>C\u0103ut\u0103m 30 de v\u00e2sla\u0219i, deci dac\u0103 ai prieteni cu care v\u00e2sle\u0219ti \u0219i care te pot \u00eenso\u021bi \u00een echipaj, anun\u021b\u0103-i \u0219i pe ei. The more, the merrier.<\/p>\n<p>Cele \u0219ase ambarca\u021biuni ale Flotilei Centenar reprezint\u0103, simbolic, regiunile istorice care au revenit \u201eacas\u0103\u201d, pe r\u00e2nd, \u00een Anul Marii Uniri, respectiv: Basarabia, Bucovina, Dobrogea, Transilvania, Moldova, \u021aara Rom\u00e2neasc\u0103.<\/p>\n<p>Detalii despre curs\u0103: <a href=\"http:\/\/www.greatriverrace.co.uk\/about_course_reverse.php\">http:\/\/www.greatriverrace.co.uk\/about_course_reverse.php<\/a><\/p>\n<p>Detalii despre Flotila Rom\u00e2nia Centenar: <a href=\"http:\/\/rowmania.ro\/centenar\/\">http:\/\/rowmania.ro\/centenar\/<\/a>[\/vc_column_text][vc_column_text]<\/p>\n<h6 style=\"text-align: center;\">Proiectul <em>United Rivers of Romania \u2013 The Romanian Centenary Regatta<\/em> este un program de promovare a Rom\u00e2niei pe apele din mari ora\u0219e ale Europei \u00een 2018 &#8211; 2019. Este o ini\u021biativ\u0103 a Asocia\u021biei Ivan Patzaichin \u2013 Mila 23, realizat\u0103 \u00een parteneriat cu Institutul Cultural Rom\u00e2n \u2013 ICR-Londra \u0219i Prim\u0103ria Bucure\u0219ti, cu sprijinul Companiei Na\u021bionale de Transporturi Aeriene Romane TAROM.<\/h6>\n<p>[\/vc_column_text][\/vc_column][\/vc_row]<\/p>\n","protected":false},"excerpt":{"rendered":"<p>[vc_row][vc_column column_width_percent=&#8221;100&#8243; back_color=&#8221;color-xsdn&#8221; overlay_alpha=&#8221;50&#8243; gutter_size=&#8221;3&#8243; medium_width=&#8221;0&#8243; shift_x=&#8221;0&#8243; shift_y=&#8221;0&#8243; z_index=&#8221;0&#8243; width=&#8221;1\/1&#8243;][vc_custom_heading subheading=&#8221;pentru United Rivers of Romania \u2013 The Romanian Centenary Regatta &#8220;]\u021aar\u0103, \u021bar\u0103 &#8211; vrem v\u00e2sla\u0219i![\/vc_custom_heading][vc_separator sep_color=&#8221;accent&#8221;][vc_column_text]Ivan Patzachin caut\u0103 \u0219ase echipaje care s\u0103 v\u00e2sleasc\u0103 \u00een The Great River Race, pe Tamisa, pe 8 septembrie, \u00een FLOTILA ROM\u00c2NIA CENTENAR. Dac\u0103 vei fi \u00een Londra \u00een perioada 7 [&hellip;]<\/p>\n","protected":false},"author":1,"featured_media":0,"parent":0,"menu_order":0,"comment_status":"closed","ping_status":"closed","template":"","meta":{"footnotes":""},"class_list":["post-49700","page","type-page","status-publish","hentry"],"_links":{"self":[{"href":"https:\/\/rowmania.ro\/centenar\/wp-json\/wp\/v2\/pages\/49700","targetHints":{"allow":["GET"]}}],"collection":[{"href":"https:\/\/rowmania.ro\/centenar\/wp-json\/wp\/v2\/pages"}],"about":[{"href":"https:\/\/rowmania.ro\/centenar\/wp-json\/wp\/v2\/types\/page"}],"author":[{"embeddable":true,"href":"https:\/\/rowmania.ro\/centenar\/wp-json\/wp\/v2\/users\/1"}],"replies":[{"embeddable":true,"href":"https:\/\/rowmania.ro\/centenar\/wp-json\/wp\/v2\/comments?post=49700"}],"version-history":[{"count":8,"href":"https:\/\/rowmania.ro\/centenar\/wp-json\/wp\/v2\/pages\/49700\/revisions"}],"predecessor-version":[{"id":49894,"href":"https:\/\/rowmania.ro\/centenar\/wp-json\/wp\/v2\/pages\/49700\/revisions\/49894"}],"wp:attachment":[{"href":"https:\/\/rowmania.ro\/centenar\/wp-json\/wp\/v2\/media?parent=49700"}],"curies":[{"name":"wp","href":"https:\/\/api.w.org\/{rel}","templated":true}]}}